{"id":17,"date":"2023-07-17T05:25:18","date_gmt":"2023-07-17T05:25:18","guid":{"rendered":"http:\/\/noxiy.local\/?page_id=17"},"modified":"2025-05-12T15:48:53","modified_gmt":"2025-05-12T13:48:53","slug":"agire","status":"publish","type":"page","link":"https:\/\/agire.dz\/ar\/","title":{"rendered":"AGIRE"},"content":{"rendered":"<div data-elementor-type=\"wp-page\" data-elementor-id=\"17\" class=\"elementor elementor-17\" data-elementor-post-type=\"page\">\n\t\t\t\t<div class=\"elementor-element elementor-element-968d0b0 e-con-full e-flex e-con e-parent\" data-id=\"968d0b0\" data-element_type=\"container\">\n\t\t\t\t<div class=\"elementor-element elementor-element-603f8bb elementor-widget elementor-widget-shortcode\" data-id=\"603f8bb\" data-element_type=\"widget\" data-widget_type=\"shortcode.default\">\n\t\t\t\t<div class=\"elementor-widget-container\">\n\t\t\t\t\t\t\t<div class=\"elementor-shortcode\"><\/div>\n\t\t\t\t\t\t<\/div>\n\t\t\t\t<\/div>\n\t\t\t\t<\/div>\n\t\t<div class=\"elementor-element elementor-element-f2b6404 e-con-full e-flex e-con e-parent\" data-id=\"f2b6404\" data-element_type=\"container\">\n\t\t\t\t<div class=\"elementor-element elementor-element-42c171c elementor-widget elementor-widget-shortcode\" data-id=\"42c171c\" data-element_type=\"widget\" data-widget_type=\"shortcode.default\">\n\t\t\t\t<div class=\"elementor-widget-container\">\n\t\t\t\t\t\t\t<div class=\"elementor-shortcode\"><\/div>\n\t\t\t\t\t\t<\/div>\n\t\t\t\t<\/div>\n\t\t\t\t<\/div>\n\t\t<div class=\"elementor-element elementor-element-80aae53 e-con-full e-flex e-con e-parent\" data-id=\"80aae53\" data-element_type=\"container\">\n\t\t\t\t<div class=\"elementor-element elementor-element-67eb45c elementor-widget elementor-widget-shortcode\" data-id=\"67eb45c\" data-element_type=\"widget\" data-widget_type=\"shortcode.default\">\n\t\t\t\t<div class=\"elementor-widget-container\">\n\t\t\t\t\t\t\t<div class=\"elementor-shortcode\"><\/div>\n\t\t\t\t\t\t<\/div>\n\t\t\t\t<\/div>\n\t\t\t\t<\/div>\n\t\t<div class=\"elementor-element elementor-element-4985f3f e-con-full e-flex e-con e-parent\" data-id=\"4985f3f\" data-element_type=\"container\">\n\t\t\t\t<div class=\"elementor-element elementor-element-82c06aa elementor-widget elementor-widget-shortcode\" data-id=\"82c06aa\" data-element_type=\"widget\" data-widget_type=\"shortcode.default\">\n\t\t\t\t<div class=\"elementor-widget-container\">\n\t\t\t\t\t\t\t<div class=\"elementor-shortcode\"><\/div>\n\t\t\t\t\t\t<\/div>\n\t\t\t\t<\/div>\n\t\t\t\t<\/div>\n\t\t<div class=\"elementor-element elementor-element-1087bcc e-con-full elementor-hidden-tablet elementor-hidden-mobile e-flex e-con e-parent\" data-id=\"1087bcc\" data-element_type=\"container\">\n\t\t\t\t<div class=\"elementor-element elementor-element-256e804 elementor-widget elementor-widget-shortcode\" data-id=\"256e804\" data-element_type=\"widget\" data-widget_type=\"shortcode.default\">\n\t\t\t\t<div class=\"elementor-widget-container\">\n\t\t\t\t\t\t\t<div class=\"elementor-shortcode\"><\/div>\n\t\t\t\t\t\t<\/div>\n\t\t\t\t<\/div>\n\t\t\t\t<\/div>\n\t\t<div class=\"elementor-element elementor-element-a11c9c6 e-flex e-con-boxed e-con e-parent\" data-id=\"a11c9c6\" data-element_type=\"container\">\n\t\t\t\t\t<div class=\"e-con-inner\">\n\t\t\t\t<div class=\"elementor-element elementor-element-4ca7b1e elementor-widget elementor-widget-shortcode\" data-id=\"4ca7b1e\" data-element_type=\"widget\" data-widget_type=\"shortcode.default\">\n\t\t\t\t<div class=\"elementor-widget-container\">\n\t\t\t\t\t\t\t<div class=\"elementor-shortcode\"><\/div>\n\t\t\t\t\t\t<\/div>\n\t\t\t\t<\/div>\n\t\t\t\t\t<\/div>\n\t\t\t\t<\/div>\n\t\t<div class=\"elementor-element elementor-element-d415880 e-flex e-con-boxed e-con e-parent\" data-id=\"d415880\" data-element_type=\"container\">\n\t\t\t\t\t<div class=\"e-con-inner\">\n\t\t\t\t<div class=\"elementor-element elementor-element-24c92a1 elementor-widget elementor-widget-shortcode\" data-id=\"24c92a1\" data-element_type=\"widget\" data-widget_type=\"shortcode.default\">\n\t\t\t\t<div class=\"elementor-widget-container\">\n\t\t\t\t\t\t\t<div class=\"elementor-shortcode\"><\/div>\n\t\t\t\t\t\t<\/div>\n\t\t\t\t<\/div>\n\t\t\t\t\t<\/div>\n\t\t\t\t<\/div>\n\t\t<div class=\"elementor-element elementor-element-69e5f27 e-flex e-con-boxed e-con e-parent\" data-id=\"69e5f27\" data-element_type=\"container\">\n\t\t\t\t\t<div class=\"e-con-inner\">\n\t\t\t\t<div class=\"elementor-element elementor-element-25cb591 elementor-widget elementor-widget-shortcode\" data-id=\"25cb591\" data-element_type=\"widget\" data-widget_type=\"shortcode.default\">\n\t\t\t\t<div class=\"elementor-widget-container\">\n\t\t\t\t\t\t\t<div class=\"elementor-shortcode\"><\/div>\n\t\t\t\t\t\t<\/div>\n\t\t\t\t<\/div>\n\t\t\t\t\t<\/div>\n\t\t\t\t<\/div>\n\t\t<div class=\"elementor-element elementor-element-19ec861 e-con-full e-flex e-con e-parent\" data-id=\"19ec861\" data-element_type=\"container\">\n\t\t\t\t<div class=\"elementor-element elementor-element-fdd8c5e elementor-widget elementor-widget-shortcode\" data-id=\"fdd8c5e\" data-element_type=\"widget\" data-widget_type=\"shortcode.default\">\n\t\t\t\t<div class=\"elementor-widget-container\">\n\t\t\t\t\t\t\t<div class=\"elementor-shortcode\"><\/div>\n\t\t\t\t\t\t<\/div>\n\t\t\t\t<\/div>\n\t\t\t\t<\/div>\n\t\t\t\t<section class=\"elementor-section elementor-top-section elementor-element elementor-element-9e45868 elementor-section-boxed elementor-section-height-default elementor-section-height-default\" data-id=\"9e45868\" data-element_type=\"section\" data-settings=\"{&quot;background_background&quot;:&quot;classic&quot;}\">\n\t\t\t\t\t\t\t<div class=\"elementor-background-overlay\"><\/div>\n\t\t\t\t\t\t\t<div class=\"elementor-container elementor-column-gap-default\">\n\t\t\t\t\t<div class=\"elementor-column elementor-col-50 elementor-top-column elementor-element elementor-element-ba3d9c7\" data-id=\"ba3d9c7\" data-element_type=\"column\" data-settings=\"{&quot;background_background&quot;:&quot;classic&quot;}\">\n\t\t\t<div class=\"elementor-widget-wrap elementor-element-populated\">\n\t\t\t\t\t\t<div class=\"elementor-element elementor-element-4c7b12d elementor-widget elementor-widget-heading\" data-id=\"4c7b12d\" data-element_type=\"widget\" data-widget_type=\"heading.default\">\n\t\t\t\t<div class=\"elementor-widget-container\">\n\t\t\t\t\t<h2 class=\"elementor-heading-title elementor-size-default\">\u0627\u0644\u062a\u0648\u0627\u0635\u0644 \u0645\u0639\u0646\u0627<\/h2>\t\t\t\t<\/div>\n\t\t\t\t<\/div>\n\t\t\t\t<div class=\"elementor-element elementor-element-4af3097 elementor-widget__width-auto elementor-widget elementor-widget-html\" data-id=\"4af3097\" data-element_type=\"widget\" data-widget_type=\"html.default\">\n\t\t\t\t<div class=\"elementor-widget-container\">\n\t\t\t\t\t<div class=\"contact__two-info-item\">\r\n<h6>\u0639\u0646\u0648\u0627\u0646 \u0627\u0644\u0648\u0643\u0627\u0644\u0629:<span><\/span><\/h6>\r\n <span>37 \u0634\u0627\u0631\u0639 \u0645\u062d\u0645\u062f \u0639\u0644\u064a\u0644\u064a\u062a\u060c \u0635.\u0628. 50 \u0627\u0644\u0642\u0628\u0629\u060c \u0627\u0644\u062c\u0632\u0627\u0626\u0631\u060c 16006<\/span>\r\n <\/div>\t\t\t\t<\/div>\n\t\t\t\t<\/div>\n\t\t\t\t<div class=\"elementor-element elementor-element-78a260f elementor-widget elementor-widget-html\" data-id=\"78a260f\" data-element_type=\"widget\" data-widget_type=\"html.default\">\n\t\t\t\t<div class=\"elementor-widget-container\">\n\t\t\t\t\t<div class=\"contact__two-info-item\">\r\n    <h6>\u0639\u0646\u0648\u0627\u0646 \u0627\u0644\u0628\u0631\u064a\u062f \u0627\u0644\u0625\u0644\u0643\u062a\u0631\u0648\u0646\u064a: <span><\/span>  <span><\/span><\/h6>\r\n    <span>\r\n        <a href=\"\/ar\/contact@agire.dz\/\">contact@agire.dz<\/a>\r\n    <\/span>\r\n<\/div>\t\t\t\t<\/div>\n\t\t\t\t<\/div>\n\t\t\t\t<div class=\"elementor-element elementor-element-60fe94a elementor-widget elementor-widget-html\" data-id=\"60fe94a\" data-element_type=\"widget\" data-widget_type=\"html.default\">\n\t\t\t\t<div class=\"elementor-widget-container\">\n\t\t\t\t\t<div class=\"contact__two-info-item\">\r\n    <h6>\u0631\u0642\u0645 \u0627\u0644\u0647\u0627\u062a\u0641:<span><\/span><\/h6>\r\n    <span>\r\n        <a href=\"tel:(023)54 63 40\">(023) 54 63 40<\/a>\r\n    <\/span>\r\n<\/div>\t\t\t\t<\/div>\n\t\t\t\t<\/div>\n\t\t\t\t\t<\/div>\n\t\t<\/div>\n\t\t\t\t<div class=\"elementor-column elementor-col-50 elementor-top-column elementor-element elementor-element-8604ed3\" data-id=\"8604ed3\" data-element_type=\"column\" data-settings=\"{&quot;background_background&quot;:&quot;classic&quot;}\">\n\t\t\t<div class=\"elementor-widget-wrap elementor-element-populated\">\n\t\t\t\t\t\t<div class=\"elementor-element elementor-element-5877d77 elementor-widget elementor-widget-heading\" data-id=\"5877d77\" data-element_type=\"widget\" data-widget_type=\"heading.default\">\n\t\t\t\t<div class=\"elementor-widget-container\">\n\t\t\t\t\t<h3 class=\"elementor-heading-title elementor-size-default\">Contactez-nous<\/h3>\t\t\t\t<\/div>\n\t\t\t\t<\/div>\n\t\t\t\t<div class=\"elementor-element elementor-element-a8f2bce elementor-widget elementor-widget-shortcode\" data-id=\"a8f2bce\" data-element_type=\"widget\" data-widget_type=\"shortcode.default\">\n\t\t\t\t<div class=\"elementor-widget-container\">\n\t\t\t\t\t\t\t<div class=\"elementor-shortcode\"><!-- HTML Forms v1.5.0 - https:\/\/wordpress.org\/plugins\/html-forms\/ -->\n<form method=\"post\"  class=\"hf-form hf-form-409\" data-id=\"409\" data-title=\"Contact 02\" data-slug=\"contact-02\" data-message-success=\"Thank you! We will be in touch soon.\" data-message-invalid-email=\"Sorry, that email address looks invalid.\" data-message-required-field-missing=\"Please fill in the required fields.\" data-message-error=\"Oops. An error occurred.\" action=\"\"><input type=\"hidden\" name=\"_hf_form_id\" value=\"409\" \/><div style=\"display: none;\"><input type=\"text\" name=\"_hf_h409\" value=\"\" \/><\/div><div class=\"hf-fields-wrap\"><div class=\"row\">\r\n    <div class=\"col-sm-12 mb-20\"> \r\n        <div class=\"contact__two-form-item contact-item\">\r\n            <span class=\"fal fa-user\"><\/span>\r\n            <input type=\"text\" name=\"name\" placeholder=\"\u0627\u0644\u0627\u0633\u0645 \u0648\u0627\u0644\u0644\u0642\u0628\" required=\"required\">\r\n        <\/div>\t\t\t\t\t\t\t\t\t\t\r\n    <\/div>\r\n    <div class=\"col-sm-12 mb-20\">\r\n        <div class=\"contact__two-form-item contact-item\">\r\n            <span class=\"far fa-envelope-open\"><\/span>\r\n            <input type=\"email\" name=\"email\" placeholder=\"\u0639\u0646\u0648\u0627\u0646 \u0627\u0644\u0628\u0631\u064a\u062f \u0627\u0644\u0625\u0644\u0643\u062a\u0631\u0648\u0646\u064a\" required=\"required\">\t\t\t\t\t\t\t\t\t\t\t\r\n        <\/div>\t\t\t\t\t\t\t\t\t\r\n    <\/div>\r\n    <div class=\"col-sm-12 mb-30\"> \r\n        <div class=\"contact__two-form-item contact-item\">\r\n            <span class=\"far fa-comments\"><\/span>\r\n            <textarea name=\"message\" placeholder=\"\u0627\u0643\u062a\u0628 \u062a\u0639\u0644\u064a\u0642\u0627\u062a\u0643....\"><\/textarea>\r\n        <\/div>\t\t\t\t\t\t\t\t\t\t\r\n    <\/div>\r\n    <div class=\"col-lg-12\">\t\t\t\t\t\t\t\t\t\t\r\n        <div class=\"contact__two-form-item\">\r\n            <button class=\"btn-one\" type=\"submit\">\u0623\u0631\u0633\u0644 \u0627\u0644\u0622\u0646<\/button>\r\n        <\/div>\t\t\t\t\t\t\t\t\t\t\r\n    <\/div>\r\n<\/div>\t\t\t\r\n <style>\r\n.btn-one {\r\n    background-color: #2974FF;\r\n    color: white; \/* Ensures the text is visible *\/\r\n    border: none; \/* Optional: Removes border *\/\r\n}\r\n\r\n.btn-one:hover {\r\n    background-color: #205BBF; \/* Optional: Darker shade for hover effect *\/\r\n} \r\n  .fal.fa-user {\r\n    color: #2974FF;\r\n}\r\n   \r\n     .far.fa-envelope-open {\r\n    color: #2974FF;\r\n}\r\n   \r\n     .far.fa-comments {\r\n    color: #2974FF;\r\n}\r\n <\/style><noscript>Please enable JavaScript for this form to work.<\/noscript><\/div><input type=\"hidden\" name=\"trp-form-language\" value=\"ar\"\/><\/form><!-- \/ HTML Forms --><\/div>\n\t\t\t\t\t\t<\/div>\n\t\t\t\t<\/div>\n\t\t\t\t\t<\/div>\n\t\t<\/div>\n\t\t\t\t\t<\/div>\n\t\t<\/section>\n\t\t\t\t<section class=\"elementor-section elementor-top-section elementor-element elementor-element-44d05d0 elementor-section-full_width elementor-section-height-default elementor-section-height-default\" data-id=\"44d05d0\" data-element_type=\"section\">\n\t\t\t\t\t\t<div class=\"elementor-container elementor-column-gap-no\">\n\t\t\t\t\t<div class=\"elementor-column elementor-col-100 elementor-top-column elementor-element elementor-element-b18dcfe\" data-id=\"b18dcfe\" data-element_type=\"column\">\n\t\t\t<div class=\"elementor-widget-wrap elementor-element-populated\">\n\t\t\t\t\t\t<div class=\"elementor-element elementor-element-6cd2093 elementor-widget elementor-widget-google_maps\" data-id=\"6cd2093\" data-element_type=\"widget\" data-widget_type=\"google_maps.default\">\n\t\t\t\t<div class=\"elementor-widget-container\">\n\t\t\t\t\t\t\t<div class=\"elementor-custom-embed\">\n\t\t\t<iframe loading=\"lazy\"\n\t\t\t\t\tsrc=\"https:\/\/maps.google.com\/maps?q=37%2C%20Rue%20Mohamed%20Allilet%20BP%2050%20Kouba%20Algiers%D8%8C%2016%20006&#038;t=m&#038;z=14&#038;output=embed&#038;iwloc=near\"\n\t\t\t\t\ttitle=\"37 \u0634\u0627\u0631\u0639 \u0645\u062d\u0645\u062f \u0639\u0644\u064a\u0644\u064a\u062a\u060c \u0635.\u0628. 50 \u0627\u0644\u0642\u0628\u0629\u060c \u0627\u0644\u062c\u0632\u0627\u0626\u0631\u060c 16006\"\n\t\t\t\t\taria-label=\"37 \u0634\u0627\u0631\u0639 \u0645\u062d\u0645\u062f \u0639\u0644\u064a\u0644\u064a\u062a\u060c \u0635.\u0628. 50 \u0627\u0644\u0642\u0628\u0629\u060c \u0627\u0644\u062c\u0632\u0627\u0626\u0631\u060c 16006\"\n\t\t\t><\/iframe>\n\t\t<\/div>\n\t\t\t\t\t\t<\/div>\n\t\t\t\t<\/div>\n\t\t\t\t\t<\/div>\n\t\t<\/div>\n\t\t\t\t\t<\/div>\n\t\t<\/section>\n\t\t\t\t<\/div>","protected":false},"excerpt":{"rendered":"<p>Entrer en contact Adresse de l&rsquo;agence: 37, Rue Mohamed Allilet BP 50 Kouba Algiers\u060c 16 006 Adresse email: contact@agire.dz Num\u00e9ro de t\u00e9l\u00e9phone: (023) 54 63 40 Contactez-nous<\/p>","protected":false},"author":1,"featured_media":0,"parent":0,"menu_order":0,"comment_status":"closed","ping_status":"closed","template":"page-builder.php","meta":{"om_disable_all_campaigns":false,"_monsterinsights_skip_tracking":false,"_monsterinsights_sitenote_active":false,"_monsterinsights_sitenote_note":"","_monsterinsights_sitenote_category":0,"_uf_show_specific_survey":0,"_uf_disable_surveys":false,"footnotes":""},"class_list":["post-17","page","type-page","status-publish","hentry"],"_links":{"self":[{"href":"https:\/\/agire.dz\/ar\/wp-json\/wp\/v2\/pages\/17","targetHints":{"allow":["GET"]}}],"collection":[{"href":"https:\/\/agire.dz\/ar\/wp-json\/wp\/v2\/pages"}],"about":[{"href":"https:\/\/agire.dz\/ar\/wp-json\/wp\/v2\/types\/page"}],"author":[{"embeddable":true,"href":"https:\/\/agire.dz\/ar\/wp-json\/wp\/v2\/users\/1"}],"replies":[{"embeddable":true,"href":"https:\/\/agire.dz\/ar\/wp-json\/wp\/v2\/comments?post=17"}],"version-history":[{"count":299,"href":"https:\/\/agire.dz\/ar\/wp-json\/wp\/v2\/pages\/17\/revisions"}],"predecessor-version":[{"id":3940,"href":"https:\/\/agire.dz\/ar\/wp-json\/wp\/v2\/pages\/17\/revisions\/3940"}],"wp:attachment":[{"href":"https:\/\/agire.dz\/ar\/wp-json\/wp\/v2\/media?parent=17"}],"curies":[{"name":"wp","href":"https:\/\/api.w.org\/{rel}","templated":true}]}}