{"id":3220,"date":"2024-12-31T14:57:40","date_gmt":"2024-12-31T13:57:40","guid":{"rendered":"http:\/\/10.172.16.92:8080\/agire_web\/wordpress\/?page_id=3220"},"modified":"2024-12-31T15:06:00","modified_gmt":"2024-12-31T14:06:00","slug":"domaine-public-hydraulique","status":"publish","type":"page","link":"https:\/\/agire.dz\/ar\/domaine-public-hydraulique\/","title":{"rendered":"\u0627\u0644\u0645\u062c\u0627\u0644 \u0627\u0644\u0639\u0627\u0645 \u0644\u0644\u0645\u064a\u0627\u0647"},"content":{"rendered":"<div data-elementor-type=\"wp-page\" data-elementor-id=\"3220\" class=\"elementor elementor-3220\" data-elementor-post-type=\"page\">\n\t\t\t\t<div class=\"elementor-element elementor-element-eeaad79 e-con-full e-flex e-con e-parent\" data-id=\"eeaad79\" data-element_type=\"container\">\n\t\t\t\t<div class=\"elementor-element elementor-element-68fd6bd elementor-widget elementor-widget-heading\" data-id=\"68fd6bd\" data-element_type=\"widget\" data-widget_type=\"heading.default\">\n\t\t\t\t<div class=\"elementor-widget-container\">\n\t\t\t\t\t<h2 class=\"elementor-heading-title elementor-size-default\">SUIVI DU DOMAINE PUBLIC HYDRALIQUE. <\/h2>\t\t\t\t<\/div>\n\t\t\t\t<\/div>\n\t\t\t\t<\/div>\n\t\t<div class=\"elementor-element elementor-element-446323f e-flex e-con-boxed e-con e-parent\" data-id=\"446323f\" data-element_type=\"container\">\n\t\t\t\t\t<div class=\"e-con-inner\">\n\t\t\t\t<div class=\"elementor-element elementor-element-d8e31a9 elementor-widget elementor-widget-text-editor\" data-id=\"d8e31a9\" data-element_type=\"widget\" data-widget_type=\"text-editor.default\">\n\t\t\t\t<div class=\"elementor-widget-container\">\n\t\t\t\t\t\t\t\t\t<h5>Un des activit\u00e9s phares de l\u2019Agence Nationale de Gestion Int\u00e9gr\u00e9e des Ressources en Eau, est le suivi du domaine public hydraulique.<\/h5><h5>C\u2019est une mission visant \u00e0 surveiller et \u00e0 g\u00e9rer les ressources en eau qui rel\u00e8vent du domaine public. Cela peut inclure toutes les ressources en eau, (superficielles, sous-terraines, conventionnelles et non-conventionnelle..) et autres infrastructures hydrauliques contr\u00f4l\u00e9es par les autorit\u00e9s publiques.<\/h5><h5>L&rsquo;objectif principal de cette mission est de garantir une utilisation durable et \u00e9quitable de ces ressources en eau, en assurant leur pr\u00e9servation, leur qualit\u00e9 et leur disponibilit\u00e9 pour les g\u00e9n\u00e9rations pr\u00e9sentes et futures. Ce suivi implique souvent la collecte de donn\u00e9es sur la quantit\u00e9 et la qualit\u00e9 de l&rsquo;eau, ainsi que sur les activit\u00e9s humaines qui pourraient influencer ces facteurs, (activit\u00e9s industrielles, agricoles\u2026). En utilisant ces informations, les d\u00e9cideurs peuvent \u00e9laborer des politiques et des mesures de gestion appropri\u00e9es pour prot\u00e9ger et g\u00e9rer efficacement les ressources en eau du domaine public.<\/h5><h5>Le suivi du domaine public hydraulique vise a pour objectifs principaux et secondaires:<\/h5>\t\t\t\t\t\t\t\t<\/div>\n\t\t\t\t<\/div>\n\t\t\t\t\t<\/div>\n\t\t\t\t<\/div>\n\t\t<div class=\"elementor-element elementor-element-eefaf6e e-flex e-con-boxed e-con e-parent\" data-id=\"eefaf6e\" data-element_type=\"container\">\n\t\t\t\t\t<div class=\"e-con-inner\">\n\t\t\t\t<div class=\"elementor-element elementor-element-fc41696 elementor-widget elementor-widget-heading\" data-id=\"fc41696\" data-element_type=\"widget\" data-widget_type=\"heading.default\">\n\t\t\t\t<div class=\"elementor-widget-container\">\n\t\t\t\t\t<h3 class=\"elementor-heading-title elementor-size-default\">Objectifs Principaux:<\/h3>\t\t\t\t<\/div>\n\t\t\t\t<\/div>\n\t\t\t\t\t<\/div>\n\t\t\t\t<\/div>\n\t\t<div class=\"elementor-element elementor-element-46d0dc3 e-flex e-con-boxed e-con e-parent\" data-id=\"46d0dc3\" data-element_type=\"container\">\n\t\t\t\t\t<div class=\"e-con-inner\">\n\t\t\t\t<div class=\"elementor-element elementor-element-6b5d717 elementor-widget elementor-widget-text-editor\" data-id=\"6b5d717\" data-element_type=\"widget\" data-widget_type=\"text-editor.default\">\n\t\t\t\t<div class=\"elementor-widget-container\">\n\t\t\t\t\t\t\t\t\t<h5>\u00a0<\/h5><ol><li><h5>Assurer une utilisation efficace et durable des ressources en eau disponibles dans le domaine public hydraulique.<\/h5><\/li><li><h5>Assurer la s\u00e9curit\u00e9 des populations en contr\u00f4lant les ouvrages hydrauliques, tels que les barrages et les oueds, pour pr\u00e9venir les risques d&rsquo;inondations et de catastrophes naturelles.<\/h5><\/li><li><h5>Contribuer \u00e0 l&rsquo;am\u00e9nagement du territoire en r\u00e9gulant les activit\u00e9s de construction et de d\u00e9veloppement dans les zones soumises \u00e0 des contraintes hydrauliques.<\/h5><\/li><li><h5>Pr\u00e9server les \u00e9cosyst\u00e8mes aquatiques, les zones humides en surveillant et en contr\u00f4lant les activit\u00e9s humaines qui pourraient les affecter.<\/h5><\/li><li><h5>R\u00e9partir \u00e9quitablement et efficacement les usages de l&rsquo;eau entre les diff\u00e9rents secteurs (agriculture, industrie, urbanisme, etc.) tout en pr\u00e9servant les besoins des \u00e9cosyst\u00e8mes.<\/h5><\/li><\/ol>\t\t\t\t\t\t\t\t<\/div>\n\t\t\t\t<\/div>\n\t\t\t\t\t<\/div>\n\t\t\t\t<\/div>\n\t\t<div class=\"elementor-element elementor-element-4030bd7 e-flex e-con-boxed e-con e-parent\" data-id=\"4030bd7\" data-element_type=\"container\">\n\t\t\t\t\t<div class=\"e-con-inner\">\n\t\t\t\t<div class=\"elementor-element elementor-element-c44f228 elementor-widget elementor-widget-heading\" data-id=\"c44f228\" data-element_type=\"widget\" data-widget_type=\"heading.default\">\n\t\t\t\t<div class=\"elementor-widget-container\">\n\t\t\t\t\t<h3 class=\"elementor-heading-title elementor-size-default\">Objectifs Secondaires :<\/h3>\t\t\t\t<\/div>\n\t\t\t\t<\/div>\n\t\t\t\t\t<\/div>\n\t\t\t\t<\/div>\n\t\t<div class=\"elementor-element elementor-element-12b28bd e-flex e-con-boxed e-con e-parent\" data-id=\"12b28bd\" data-element_type=\"container\">\n\t\t\t\t\t<div class=\"e-con-inner\">\n\t\t\t\t<div class=\"elementor-element elementor-element-8f00a24 elementor-widget elementor-widget-text-editor\" data-id=\"8f00a24\" data-element_type=\"widget\" data-widget_type=\"text-editor.default\">\n\t\t\t\t<div class=\"elementor-widget-container\">\n\t\t\t\t\t\t\t\t\t<ol><li><h5>Collecter des donn\u00e9es sur la qualit\u00e9 et la quantit\u00e9 des ressources en eau, ainsi que sur les pressions exerc\u00e9es par les activit\u00e9s humaines, afin d&rsquo;\u00e9valuer les tendances et d&rsquo;adapter les politiques de gestion.<\/h5><\/li><li><h5>Soutenir la recherche scientifique et technologique pour am\u00e9liorer les m\u00e9thodes de gestion de l&rsquo;eau, d\u00e9velopper de nouvelles technologies de traitement et de conservation, et anticiper les impacts des changements climatiques.<\/h5><\/li><li><h5>Favoriser la concertation entre les diff\u00e9rents acteurs impliqu\u00e9s dans la gestion de l&rsquo;eau (autorit\u00e9s publiques, acteurs \u00e9conomiques, organismes, etc.) pour promouvoir une approche int\u00e9gr\u00e9e et participative.<\/h5><\/li><li><h5>Assurer le respect des r\u00e9glementations en vigueur en mati\u00e8re de gestion de l&rsquo;eau, notamment en ce qui concerne les autorisations d&rsquo;usage, les normes environnementales..etc.<\/h5><\/li><\/ol>\t\t\t\t\t\t\t\t<\/div>\n\t\t\t\t<\/div>\n\t\t\t\t\t<\/div>\n\t\t\t\t<\/div>\n\t\t\t\t<\/div>","protected":false},"excerpt":{"rendered":"<p>SUIVI DU DOMAINE PUBLIC HYDRALIQUE. Un des activit\u00e9s phares de l\u2019Agence Nationale de Gestion Int\u00e9gr\u00e9e des Ressources en Eau, est le suivi du domaine public hydraulique. C\u2019est une mission visant \u00e0 surveiller et \u00e0 g\u00e9rer les ressources en eau qui rel\u00e8vent du domaine public. Cela peut inclure toutes les ressources en eau, (superficielles, sous-terraines, conventionnelles [&hellip;]<\/p>","protected":false},"author":1,"featured_media":0,"parent":0,"menu_order":0,"comment_status":"closed","ping_status":"closed","template":"","meta":{"om_disable_all_campaigns":false,"_monsterinsights_skip_tracking":false,"_monsterinsights_sitenote_active":false,"_monsterinsights_sitenote_note":"","_monsterinsights_sitenote_category":0,"_uf_show_specific_survey":0,"_uf_disable_surveys":false,"footnotes":""},"class_list":["post-3220","page","type-page","status-publish","hentry"],"_links":{"self":[{"href":"https:\/\/agire.dz\/ar\/wp-json\/wp\/v2\/pages\/3220","targetHints":{"allow":["GET"]}}],"collection":[{"href":"https:\/\/agire.dz\/ar\/wp-json\/wp\/v2\/pages"}],"about":[{"href":"https:\/\/agire.dz\/ar\/wp-json\/wp\/v2\/types\/page"}],"author":[{"embeddable":true,"href":"https:\/\/agire.dz\/ar\/wp-json\/wp\/v2\/users\/1"}],"replies":[{"embeddable":true,"href":"https:\/\/agire.dz\/ar\/wp-json\/wp\/v2\/comments?post=3220"}],"version-history":[{"count":5,"href":"https:\/\/agire.dz\/ar\/wp-json\/wp\/v2\/pages\/3220\/revisions"}],"predecessor-version":[{"id":3233,"href":"https:\/\/agire.dz\/ar\/wp-json\/wp\/v2\/pages\/3220\/revisions\/3233"}],"wp:attachment":[{"href":"https:\/\/agire.dz\/ar\/wp-json\/wp\/v2\/media?parent=3220"}],"curies":[{"name":"wp","href":"https:\/\/api.w.org\/{rel}","templated":true}]}}