{"id":3225,"date":"2024-12-31T15:11:34","date_gmt":"2024-12-31T14:11:34","guid":{"rendered":"http:\/\/10.172.16.92:8080\/agire_web\/wordpress\/?page_id=3225"},"modified":"2024-12-31T15:26:36","modified_gmt":"2024-12-31T14:26:36","slug":"systeme-dinformation-sur-leau","status":"publish","type":"page","link":"https:\/\/agire.dz\/ar\/systeme-dinformation-sur-leau\/","title":{"rendered":"Syst\u00e8me d&rsquo;information sur l&rsquo;eau"},"content":{"rendered":"<div data-elementor-type=\"wp-page\" data-elementor-id=\"3225\" class=\"elementor elementor-3225\" data-elementor-post-type=\"page\">\n\t\t\t\t<div class=\"elementor-element elementor-element-bda8363 e-flex e-con-boxed e-con e-parent\" data-id=\"bda8363\" data-element_type=\"container\">\n\t\t\t\t\t<div class=\"e-con-inner\">\n\t\t\t\t<div class=\"elementor-element elementor-element-0b4f257 elementor-widget elementor-widget-heading\" data-id=\"0b4f257\" data-element_type=\"widget\" data-widget_type=\"heading.default\">\n\t\t\t\t<div class=\"elementor-widget-container\">\n\t\t\t\t\t<h2 class=\"elementor-heading-title elementor-size-default\">\u0646\u0638\u0627\u0645 \u0645\u0639\u0644\u0648\u0645\u0627\u062a \u0627\u0644\u0645\u064a\u0627\u0647<\/h2>\t\t\t\t<\/div>\n\t\t\t\t<\/div>\n\t\t\t\t\t<\/div>\n\t\t\t\t<\/div>\n\t\t<div class=\"elementor-element elementor-element-708bc4e e-flex e-con-boxed e-con e-parent\" data-id=\"708bc4e\" data-element_type=\"container\">\n\t\t\t\t\t<div class=\"e-con-inner\">\n\t\t\t\t<div class=\"elementor-element elementor-element-b465752 elementor-widget elementor-widget-heading\" data-id=\"b465752\" data-element_type=\"widget\" data-widget_type=\"heading.default\">\n\t\t\t\t<div class=\"elementor-widget-container\">\n\t\t\t\t\t<h3 class=\"elementor-heading-title elementor-size-default\">GEOPORTAIL<\/h3>\t\t\t\t<\/div>\n\t\t\t\t<\/div>\n\t\t\t\t\t<\/div>\n\t\t\t\t<\/div>\n\t\t<div class=\"elementor-element elementor-element-003aa7c e-flex e-con-boxed e-con e-parent\" data-id=\"003aa7c\" data-element_type=\"container\">\n\t\t\t\t\t<div class=\"e-con-inner\">\n\t\t\t\t<div class=\"elementor-element elementor-element-53de353 elementor-widget elementor-widget-text-editor\" data-id=\"53de353\" data-element_type=\"widget\" data-widget_type=\"text-editor.default\">\n\t\t\t\t<div class=\"elementor-widget-container\">\n\t\t\t\t\t\t\t\t\t<h5><b>Dans le cadre du projet de num\u00e9risation de l&rsquo;administration initi\u00e9 par le secteur de l&rsquo;eau\u00a0 \u00a0 en application de la politique gouvernementale en la mati\u00e8re, une plateforme moderne constitu\u00e9e d&rsquo;un G\u00e9oportail ouvert \u00e0 l&rsquo;\u00e9chelle nationale a \u00e9t\u00e9 mise en place. Cet outil dont la gestion est confi\u00e9e \u00e0 l\u2019AGIRE est op\u00e9rationnel \u00e0 partir du 1 d\u00e9cembre 2020.<\/b><\/h5>\t\t\t\t\t\t\t\t<\/div>\n\t\t\t\t<\/div>\n\t\t\t\t\t<\/div>\n\t\t\t\t<\/div>\n\t\t<div class=\"elementor-element elementor-element-46bd429 e-flex e-con-boxed e-con e-parent\" data-id=\"46bd429\" data-element_type=\"container\">\n\t\t\t\t\t<div class=\"e-con-inner\">\n\t\t\t\t<div class=\"elementor-element elementor-element-28b58f5 elementor-widget elementor-widget-heading\" data-id=\"28b58f5\" data-element_type=\"widget\" data-widget_type=\"heading.default\">\n\t\t\t\t<div class=\"elementor-widget-container\">\n\t\t\t\t\t<h4 class=\"elementor-heading-title elementor-size-default\">Un G\u00e9oportail pour centraliser et partager les donn\u00e9es\n<\/h4>\t\t\t\t<\/div>\n\t\t\t\t<\/div>\n\t\t\t\t\t<\/div>\n\t\t\t\t<\/div>\n\t\t<div class=\"elementor-element elementor-element-4279035 e-flex e-con-boxed e-con e-parent\" data-id=\"4279035\" data-element_type=\"container\">\n\t\t\t\t\t<div class=\"e-con-inner\">\n\t\t\t\t<div class=\"elementor-element elementor-element-3410c40 elementor-widget elementor-widget-text-editor\" data-id=\"3410c40\" data-element_type=\"widget\" data-widget_type=\"text-editor.default\">\n\t\t\t\t<div class=\"elementor-widget-container\">\n\t\t\t\t\t\t\t\t\t<h5><span style=\"font-weight: 400;\">L\u2019un des \u00e9l\u00e9ments cl\u00e9 de ce projet de num\u00e9risation est la mise en place d&rsquo;un G\u00e9oportail qui sert de plateforme centrale pour la collecte, le stockage, l&rsquo;analyse et la diffusion de donn\u00e9es techniques et g\u00e9ographiques r\u00e9f\u00e9rentielles sur les ressources en eau.<\/span><\/h5>\t\t\t\t\t\t\t\t<\/div>\n\t\t\t\t<\/div>\n\t\t\t\t\t<\/div>\n\t\t\t\t<\/div>\n\t\t<div class=\"elementor-element elementor-element-afb195d e-flex e-con-boxed e-con e-parent\" data-id=\"afb195d\" data-element_type=\"container\">\n\t\t\t\t\t<div class=\"e-con-inner\">\n\t\t\t\t<div class=\"elementor-element elementor-element-4e6cd1f elementor-widget elementor-widget-heading\" data-id=\"4e6cd1f\" data-element_type=\"widget\" data-widget_type=\"heading.default\">\n\t\t\t\t<div class=\"elementor-widget-container\">\n\t\t\t\t\t<h4 class=\"elementor-heading-title elementor-size-default\">Une structure et une organisation pour une meilleure gestion des donn\u00e9es\n<\/h4>\t\t\t\t<\/div>\n\t\t\t\t<\/div>\n\t\t\t\t\t<\/div>\n\t\t\t\t<\/div>\n\t\t<div class=\"elementor-element elementor-element-085c96b e-flex e-con-boxed e-con e-parent\" data-id=\"085c96b\" data-element_type=\"container\">\n\t\t\t\t\t<div class=\"e-con-inner\">\n\t\t\t\t<div class=\"elementor-element elementor-element-620f3e3 elementor-widget elementor-widget-text-editor\" data-id=\"620f3e3\" data-element_type=\"widget\" data-widget_type=\"text-editor.default\">\n\t\t\t\t<div class=\"elementor-widget-container\">\n\t\t\t\t\t\t\t\t\t<h5><span style=\"font-weight: 400;\">Les donn\u00e9es contenues dans le G\u00e9oportail sont structur\u00e9es de mani\u00e8re coh\u00e9rente\u00a0 et organis\u00e9e, facilitant ainsi leur recherche, leur analyse et leur utilisation. Cette organisation rigoureuse permet aux utilisateurs de trouver rapidement les informations recherch\u00e9es et de les exploiter efficacement.<\/span><\/h5>\t\t\t\t\t\t\t\t<\/div>\n\t\t\t\t<\/div>\n\t\t\t\t\t<\/div>\n\t\t\t\t<\/div>\n\t\t<div class=\"elementor-element elementor-element-ea4636a e-flex e-con-boxed e-con e-parent\" data-id=\"ea4636a\" data-element_type=\"container\">\n\t\t\t\t\t<div class=\"e-con-inner\">\n\t\t\t\t<div class=\"elementor-element elementor-element-c9a9efb elementor-widget elementor-widget-heading\" data-id=\"c9a9efb\" data-element_type=\"widget\" data-widget_type=\"heading.default\">\n\t\t\t\t<div class=\"elementor-widget-container\">\n\t\t\t\t\t<h4 class=\"elementor-heading-title elementor-size-default\">Un outil incontournable pour le secteur de l'eau\n<\/h4>\t\t\t\t<\/div>\n\t\t\t\t<\/div>\n\t\t\t\t\t<\/div>\n\t\t\t\t<\/div>\n\t\t<div class=\"elementor-element elementor-element-764bfc8 e-flex e-con-boxed e-con e-parent\" data-id=\"764bfc8\" data-element_type=\"container\">\n\t\t\t\t\t<div class=\"e-con-inner\">\n\t\t\t\t<div class=\"elementor-element elementor-element-9cc1131 elementor-widget elementor-widget-text-editor\" data-id=\"9cc1131\" data-element_type=\"widget\" data-widget_type=\"text-editor.default\">\n\t\t\t\t<div class=\"elementor-widget-container\">\n\t\t\t\t\t\t\t\t\t<h5><span style=\"font-weight: 400;\">Avec ses fonctionnalit\u00e9s avanc\u00e9es et son accessibilit\u00e9 aux utilisateurs du secteur de l\u2019eau, le G\u00e9oportail est appel\u00e9 \u00e0 devenir l&rsquo;outil incontournable du secteur en mati\u00e8re de gestion des donn\u00e9es. En effet, il permettra aux diff\u00e9rents acteurs, chacun dans son domaine, d&rsquo;am\u00e9liorer leurs pratiques de gestion et de prendre des d\u00e9cisions plus \u00e9clair\u00e9es.<\/span><\/h5>\t\t\t\t\t\t\t\t<\/div>\n\t\t\t\t<\/div>\n\t\t\t\t\t<\/div>\n\t\t\t\t<\/div>\n\t\t\t\t<\/div>","protected":false},"excerpt":{"rendered":"<p>Syst\u00e8me d\u2019information sur l\u2019eau GEOPORTAIL Dans le cadre du projet de num\u00e9risation de l&rsquo;administration initi\u00e9 par le secteur de l&rsquo;eau\u00a0 \u00a0 en application de la politique gouvernementale en la mati\u00e8re, une plateforme moderne constitu\u00e9e d&rsquo;un G\u00e9oportail ouvert \u00e0 l&rsquo;\u00e9chelle nationale a \u00e9t\u00e9 mise en place. Cet outil dont la gestion est confi\u00e9e \u00e0 l\u2019AGIRE est [&hellip;]<\/p>","protected":false},"author":1,"featured_media":0,"parent":0,"menu_order":0,"comment_status":"closed","ping_status":"closed","template":"","meta":{"om_disable_all_campaigns":false,"_monsterinsights_skip_tracking":false,"_monsterinsights_sitenote_active":false,"_monsterinsights_sitenote_note":"","_monsterinsights_sitenote_category":0,"_uf_show_specific_survey":0,"_uf_disable_surveys":false,"footnotes":""},"class_list":["post-3225","page","type-page","status-publish","hentry"],"_links":{"self":[{"href":"https:\/\/agire.dz\/ar\/wp-json\/wp\/v2\/pages\/3225","targetHints":{"allow":["GET"]}}],"collection":[{"href":"https:\/\/agire.dz\/ar\/wp-json\/wp\/v2\/pages"}],"about":[{"href":"https:\/\/agire.dz\/ar\/wp-json\/wp\/v2\/types\/page"}],"author":[{"embeddable":true,"href":"https:\/\/agire.dz\/ar\/wp-json\/wp\/v2\/users\/1"}],"replies":[{"embeddable":true,"href":"https:\/\/agire.dz\/ar\/wp-json\/wp\/v2\/comments?post=3225"}],"version-history":[{"count":4,"href":"https:\/\/agire.dz\/ar\/wp-json\/wp\/v2\/pages\/3225\/revisions"}],"predecessor-version":[{"id":3230,"href":"https:\/\/agire.dz\/ar\/wp-json\/wp\/v2\/pages\/3225\/revisions\/3230"}],"wp:attachment":[{"href":"https:\/\/agire.dz\/ar\/wp-json\/wp\/v2\/media?parent=3225"}],"curies":[{"name":"wp","href":"https:\/\/api.w.org\/{rel}","templated":true}]}}