{"id":3321,"date":"2025-01-02T15:24:15","date_gmt":"2025-01-02T14:24:15","guid":{"rendered":"http:\/\/10.172.16.92:8080\/agire_web\/wordpress\/?page_id=3321"},"modified":"2025-03-06T16:21:28","modified_gmt":"2025-03-06T15:21:28","slug":"projets-de-recherche","status":"publish","type":"page","link":"https:\/\/agire.dz\/ar\/projets-de-recherche\/","title":{"rendered":"\u0645\u0634\u0627\u0631\u064a\u0639 \u0628\u062d\u062b\u064a\u0629"},"content":{"rendered":"<div data-elementor-type=\"wp-page\" data-elementor-id=\"3321\" class=\"elementor elementor-3321\" data-elementor-post-type=\"page\">\n\t\t\t\t<div class=\"elementor-element elementor-element-2e00232 e-flex e-con-boxed e-con e-parent\" data-id=\"2e00232\" data-element_type=\"container\">\n\t\t\t\t\t<div class=\"e-con-inner\">\n\t\t\t\t<div class=\"elementor-element elementor-element-5d2ed63 elementor-widget elementor-widget-heading\" data-id=\"5d2ed63\" data-element_type=\"widget\" data-widget_type=\"heading.default\">\n\t\t\t\t<div class=\"elementor-widget-container\">\n\t\t\t\t\t<h2 class=\"elementor-heading-title elementor-size-default\">Projet de recherche<\/h2>\t\t\t\t<\/div>\n\t\t\t\t<\/div>\n\t\t\t\t\t<\/div>\n\t\t\t\t<\/div>\n\t\t<div class=\"elementor-element elementor-element-9a2f5ed e-flex e-con-boxed e-con e-parent\" data-id=\"9a2f5ed\" data-element_type=\"container\">\n\t\t\t\t\t<div class=\"e-con-inner\">\n\t\t\t\t<div class=\"elementor-element elementor-element-09ecba7 elementor-widget elementor-widget-text-editor\" data-id=\"09ecba7\" data-element_type=\"widget\" data-widget_type=\"text-editor.default\">\n\t\t\t\t<div class=\"elementor-widget-container\">\n\t\t\t\t\t\t\t\t\t<p><strong>Projet MONITOR<\/strong> : <em>Monitoring de la nappe du Continental Intercalaire par Pi\u00e9zom\u00e9trie et G\u00e9ophysique : exp\u00e9rience pilote dans la r\u00e9gion d\u2019Adrar<\/em>.<\/p><p>\u00a0<\/p><p>Le <strong>Projet MONITOR<\/strong> : <em>Monitoring de la nappe du Continental Intercalaire par Pi\u00e9zom\u00e9trie et G\u00e9ophysique : exp\u00e9rience pilote dans la r\u00e9gion d\u2019Adrar<\/em> s\u2019inscrit dans le cadre des Programmes Nationaux de Recherche (PNR) du Minist\u00e8re de l\u2019Enseignement Sup\u00e9rieur et de la Recherche Scientifique. Ce projet de recherche est conduit en coop\u00e9ration avec le Centre de recherche en Astronomie, Astrophysique et G\u00e9ophysique (CRAAG), l\u2019Universit\u00e9 des Sciences et Technologie Houari Boumediene (USTHB) et l\u2019Agence Nationale de la Gestion Int\u00e9gr\u00e9e des Ressources en Eau (AGIRE).<\/p><p>\u00a0<\/p><p>L\u2019objectif du projet vise \u00e0 mettre en place un r\u00e9seau g\u00e9ophysique (mesures \u00e9lectriques par courant continu et magn\u00e9totelluriques) en compl\u00e9ment du r\u00e9seau pi\u00e9zom\u00e9trique existant afin d\u2019effectuer une surveillance de la nappe aquif\u00e8re du Continental Intercalaire (nappe albienne) dans la r\u00e9gion d\u2019Adrar.<\/p><p>\u00a0<\/p><p>Il s\u2019agit \u00e9galement de chercher la combinaison optimale des deux types de mesures (pi\u00e9zom\u00e9triques et g\u00e9ophysiques) permettant d\u2019augmenter sensiblement la r\u00e9solution spatiale des mesures \u00e0 des co\u00fbts raisonnables.<\/p>\t\t\t\t\t\t\t\t<\/div>\n\t\t\t\t<\/div>\n\t\t\t\t\t<\/div>\n\t\t\t\t<\/div>\n\t\t\t\t<\/div>","protected":false},"excerpt":{"rendered":"<p>MOVIEBLOG iptvfasten.com statesidefab.com lizkur.com northseauk.com magokoro-yatsushiro.com Projet de recherche Projet MONITOR : Monitoring de la nappe du Continental Intercalaire par Pi\u00e9zom\u00e9trie et G\u00e9ophysique : exp\u00e9rience pilote dans la r\u00e9gion d\u2019Adrar. \u00a0 Le Projet MONITOR : Monitoring de la nappe du Continental Intercalaire par Pi\u00e9zom\u00e9trie et G\u00e9ophysique : exp\u00e9rience pilote dans la r\u00e9gion d\u2019Adrar s\u2019inscrit dans [&hellip;]<\/p>","protected":false},"author":1,"featured_media":0,"parent":0,"menu_order":0,"comment_status":"closed","ping_status":"closed","template":"","meta":{"om_disable_all_campaigns":false,"_monsterinsights_skip_tracking":false,"_monsterinsights_sitenote_active":false,"_monsterinsights_sitenote_note":"","_monsterinsights_sitenote_category":0,"_uf_show_specific_survey":0,"_uf_disable_surveys":false,"footnotes":""},"class_list":["post-3321","page","type-page","status-publish","hentry"],"_links":{"self":[{"href":"https:\/\/agire.dz\/ar\/wp-json\/wp\/v2\/pages\/3321","targetHints":{"allow":["GET"]}}],"collection":[{"href":"https:\/\/agire.dz\/ar\/wp-json\/wp\/v2\/pages"}],"about":[{"href":"https:\/\/agire.dz\/ar\/wp-json\/wp\/v2\/types\/page"}],"author":[{"embeddable":true,"href":"https:\/\/agire.dz\/ar\/wp-json\/wp\/v2\/users\/1"}],"replies":[{"embeddable":true,"href":"https:\/\/agire.dz\/ar\/wp-json\/wp\/v2\/comments?post=3321"}],"version-history":[{"count":5,"href":"https:\/\/agire.dz\/ar\/wp-json\/wp\/v2\/pages\/3321\/revisions"}],"predecessor-version":[{"id":3602,"href":"https:\/\/agire.dz\/ar\/wp-json\/wp\/v2\/pages\/3321\/revisions\/3602"}],"wp:attachment":[{"href":"https:\/\/agire.dz\/ar\/wp-json\/wp\/v2\/media?parent=3321"}],"curies":[{"name":"wp","href":"https:\/\/api.w.org\/{rel}","templated":true}]}}