{"id":3393,"date":"2025-02-05T12:48:06","date_gmt":"2025-02-05T11:48:06","guid":{"rendered":"http:\/\/agire.dz\/?page_id=3393"},"modified":"2025-03-06T16:21:13","modified_gmt":"2025-03-06T15:21:13","slug":"etude-enquetes","status":"publish","type":"page","link":"https:\/\/agire.dz\/ar\/etude-enquetes\/","title":{"rendered":"\u0627\u0644\u062f\u0631\u0627\u0633\u0627\u062a \u0648\u0627\u0644\u0627\u0633\u062a\u0637\u0644\u0627\u0639\u0627\u062a"},"content":{"rendered":"<div data-elementor-type=\"wp-page\" data-elementor-id=\"3393\" class=\"elementor elementor-3393\" data-elementor-post-type=\"page\">\n\t\t\t\t<div class=\"elementor-element elementor-element-981aa47 e-flex e-con-boxed e-con e-parent\" data-id=\"981aa47\" data-element_type=\"container\">\n\t\t\t\t\t<div class=\"e-con-inner\">\n\t\t\t\t<div class=\"elementor-element elementor-element-1cb4a63 elementor-widget elementor-widget-heading\" data-id=\"1cb4a63\" data-element_type=\"widget\" data-widget_type=\"heading.default\">\n\t\t\t\t<div class=\"elementor-widget-container\">\n\t\t\t\t\t<h2 class=\"elementor-heading-title elementor-size-default\">Enqu\u00eate sociale nationale <\/h2>\t\t\t\t<\/div>\n\t\t\t\t<\/div>\n\t\t\t\t\t<\/div>\n\t\t\t\t<\/div>\n\t\t<div class=\"elementor-element elementor-element-ac9e4df e-flex e-con-boxed e-con e-parent\" data-id=\"ac9e4df\" data-element_type=\"container\">\n\t\t\t\t\t<div class=\"e-con-inner\">\n\t\t\t\t<div class=\"elementor-element elementor-element-96d7b6e elementor-widget elementor-widget-text-editor\" data-id=\"96d7b6e\" data-element_type=\"widget\" data-widget_type=\"text-editor.default\">\n\t\t\t\t<div class=\"elementor-widget-container\">\n\t\t\t\t\t\t\t\t\t<p>Dans un souci d`am\u00e9liorer la qualit\u00e9 des prestations de service propos\u00e9es aux abonn\u00e9s et pour mieux r\u00e9pondre \u00e0 leurs attentes et besoins, le secteur de l\u2019hydraulique a r\u00e9alis\u00e9 une enqu\u00eate sociale nationale sur la qualit\u00e9 du service public de l\u2019eau aupr\u00e8s d&rsquo;un \u00e9chantillon repr\u00e9sentatif des abonn\u00e9s domestiques \u00e9quivalent \u00e0 7 511 422 foyers soit environ 36 805 968 habitants.<\/p><p>\u00a0<\/p><p>Dans ce cadre, l\u2019AGIRE a \u00e9t\u00e9 charg\u00e9 de r\u00e9aliser cette enqu\u00eate. Pour ce faire, 4535 enqu\u00eateurs et contr\u00f4leurs ont \u00e9t\u00e9 mobilis\u00e9s pour cette op\u00e9ration ce qui a permis de dresser une situation pr\u00e9cise de l\u2019AEP et de l\u2019Assainissement et de cerner les principaux dysfonctionnements.<\/p><p>Le questionnaire utilis\u00e9 pour l\u2019enqu\u00eate est structur\u00e9 en sept volets, totalisant 62 questions, comme d\u00e9crit ci-dessous\u00a0:<\/p><ul><li>Identification de l&rsquo;abonn\u00e9 (16 questions) &lsquo;<\/li><li>Cadre de vie (5 questions) ;<\/li><li>Disponibilit\u00e9 de l\u2019eau et qualit\u00e9 de service (14 questions)<\/li><li>Qualit\u00e9 de l\u2019eau du robinet (7 questions) ;<\/li><li>Facturation de l&rsquo;eau (9 questions) ;<\/li><li>Economie de l\u2019eau (5 questions) ;<\/li><li>Assainissement (5 questions).<\/li><\/ul>\t\t\t\t\t\t\t\t<\/div>\n\t\t\t\t<\/div>\n\t\t\t\t\t<\/div>\n\t\t\t\t<\/div>\n\t\t\t\t<\/div>","protected":false},"excerpt":{"rendered":"<p>MOVIEBLOG easyrideke.com boursetimes.ir lapazbatchoy.com napokaz.com carajendrasah.com Enqu\u00eate sociale nationale Dans un souci d`am\u00e9liorer la qualit\u00e9 des prestations de service propos\u00e9es aux abonn\u00e9s et pour mieux r\u00e9pondre \u00e0 leurs attentes et besoins, le secteur de l\u2019hydraulique a r\u00e9alis\u00e9 une enqu\u00eate sociale nationale sur la qualit\u00e9 du service public de l\u2019eau aupr\u00e8s d&rsquo;un \u00e9chantillon repr\u00e9sentatif des abonn\u00e9s [&hellip;]<\/p>","protected":false},"author":1,"featured_media":0,"parent":0,"menu_order":0,"comment_status":"closed","ping_status":"closed","template":"","meta":{"om_disable_all_campaigns":false,"_monsterinsights_skip_tracking":false,"_monsterinsights_sitenote_active":false,"_monsterinsights_sitenote_note":"","_monsterinsights_sitenote_category":0,"_uf_show_specific_survey":0,"_uf_disable_surveys":false,"footnotes":""},"class_list":["post-3393","page","type-page","status-publish","hentry"],"_links":{"self":[{"href":"https:\/\/agire.dz\/ar\/wp-json\/wp\/v2\/pages\/3393","targetHints":{"allow":["GET"]}}],"collection":[{"href":"https:\/\/agire.dz\/ar\/wp-json\/wp\/v2\/pages"}],"about":[{"href":"https:\/\/agire.dz\/ar\/wp-json\/wp\/v2\/types\/page"}],"author":[{"embeddable":true,"href":"https:\/\/agire.dz\/ar\/wp-json\/wp\/v2\/users\/1"}],"replies":[{"embeddable":true,"href":"https:\/\/agire.dz\/ar\/wp-json\/wp\/v2\/comments?post=3393"}],"version-history":[{"count":5,"href":"https:\/\/agire.dz\/ar\/wp-json\/wp\/v2\/pages\/3393\/revisions"}],"predecessor-version":[{"id":3601,"href":"https:\/\/agire.dz\/ar\/wp-json\/wp\/v2\/pages\/3393\/revisions\/3601"}],"wp:attachment":[{"href":"https:\/\/agire.dz\/ar\/wp-json\/wp\/v2\/media?parent=3393"}],"curies":[{"name":"wp","href":"https:\/\/api.w.org\/{rel}","templated":true}]}}